{"id":142062,"date":"2021-11-11T14:02:25","date_gmt":"2021-11-11T14:02:25","guid":{"rendered":"https:\/\/products.expleogroup.com\/?page_id=142062"},"modified":"2022-07-22T11:23:42","modified_gmt":"2022-07-22T11:23:42","slug":"testona","status":"publish","type":"page","link":"https:\/\/products.expleogroup.com\/de\/testona\/","title":{"rendered":"TESTONA"},"content":{"rendered":"\n<h4 class=\"wp-block-heading\">TESTONA &#8211; TEST DESIGN MIT DER KLASSIFIKATIONSBAUMMETHODE<\/h4>\n\n\n\n<figure class=\"wp-block-image size-full\"><img loading=\"lazy\" decoding=\"async\" width=\"1110\" height=\"417\" src=\"https:\/\/products.expleogroup.com\/wp-content\/uploads\/2022\/05\/image.png\" alt=\"\" class=\"wp-image-142985\" srcset=\"https:\/\/products.expleogroup.com\/wp-content\/uploads\/2022\/05\/image.png 1110w, https:\/\/products.expleogroup.com\/wp-content\/uploads\/2022\/05\/image-800x301.png 800w, https:\/\/products.expleogroup.com\/wp-content\/uploads\/2022\/05\/image-768x289.png 768w\" sizes=\"auto, (max-width: 1110px) 100vw, 1110px\" \/><\/figure>\n\n\n\n<h4 class=\"wp-block-heading\">ANWENDUNGSBEREICH<\/h4>\n\n\n<p><b>TESTONA ist DAS Werkzeug<\/b>&nbsp;<b>f\u00fcr systematisches Testdesign beim Black-Box-Test.<\/b>&nbsp;Es werden alle g\u00e4ngigen spezifikationsbasierten Testmethoden unterst\u00fctzt und in Klassifikationsb\u00e4umen abgebildet, u.a. \u00c4quivalenzklassentest, Grenzwerttest, Partition-Test, kombinatorischer Test, Klassifikationsbaum-Methode und statistischer Test. Mit TESTONA lassen sich vollst\u00e4ndige, verst\u00e4ndliche Testspezifikationen einfach, schnell und redundanzfrei generieren. Verschiedene Metriken und Auswertungen unterst\u00fctzen die Beurteilung des Testumfangs und die Aufdeckung fehlender oder redundanter Tests.<\/p>\n<p><b>TESTONA ist f\u00fcr alle Testphasen und branchenunabh\u00e4ngig&nbsp;<\/b>konzipiert. Zahlreiche Anwender aus Maschinenbau, Automotive und Luftfahrt, Banking, Telekommunikation und IT setzen auf die ausgereifte Methodik. Internationale Teststandards wie der ISTQB Certified Tester und ISO 29119 empfehlen die in TESTONA verf\u00fcgbaren Testmethoden.<\/p>\n\n\n<div class=\"wp-block-columns is-layout-flex wp-container-core-columns-is-layout-9d6595d7 wp-block-columns-is-layout-flex\">\n<div class=\"wp-block-column is-layout-flow wp-block-column-is-layout-flow\" style=\"flex-basis:33.33%\">\n<figure class=\"wp-block-image size-full\"><a href=\"https:\/\/products.expleogroup.com\/wp-content\/uploads\/2022\/05\/image-4.png\"><img loading=\"lazy\" decoding=\"async\" width=\"610\" height=\"415\" src=\"https:\/\/products.expleogroup.com\/wp-content\/uploads\/2022\/05\/image-4.png\" alt=\"\" class=\"wp-image-142994\"\/><\/a><\/figure>\n<\/div>\n\n\n\n<div class=\"wp-block-column is-layout-flow wp-block-column-is-layout-flow\" style=\"flex-basis:66.66%\">\n<h4 class=\"wp-block-heading\">TESTONA JETZT TESTEN<\/h4>\n\n\n\n<ul class=\"wp-block-list\"><li><p><a data-type=\"page\" data-id=\"138720\" data-mce-href=\"https:\/\/testing.products.expleogroup.com\/testona\/testona-license\/\" href=\"\/?page_id=138720\">TESTONA Demo-Lizenz<\/a>: zur Evaluierung<\/p><\/li><li><p><a data-type=\"URL\" data-mce-href=\"https:\/\/products.expleogroup.com\/testona-light\/\" href=\"https:\/\/products.expleogroup.com\/testona-light\/\">TESTONA Light:<\/a> limitierte Version f\u00fcr nicht kommerziellen Einsatz (gratis)<\/p><\/li><li><p><a data-mce-href=\"https:\/\/www.youtube.com\/watch?v=wLqEGBHSVH8&amp;list=PLqZchAD2j1CYhHJS91J1zwRlHsidoWQ2C\" href=\"https:\/\/www.youtube.com\/watch?v=wLqEGBHSVH8&amp;list=PLqZchAD2j1CYhHJS91J1zwRlHsidoWQ2C\" target=\"_blank\" rel=\"noreferrer noopener\">Tutorials f\u00fcr Testdesign mit der Klassifikationsbaummethode (Youtube)<\/a><\/p><\/li><li><p><a href=\"https:\/\/products.expleogroup.com\/wp-content\/uploads\/2022\/07\/220630_TESTONA_flyer_DE.pdf\">Datenblatt (PDF)<\/a><\/p><\/li><\/ul>\n\n\n\n<p><\/p>\n<\/div>\n<\/div>\n\n\n\n<h4 class=\"wp-block-heading\">KONTAKT &amp; LOGIN<\/h4>\n\n\n\n<ul class=\"wp-block-list\"><li><p><a href=\"mailto:support_testona@expleogroup.com\" data-mce-href=\"mailto:support_testona@expleogroup.com\">support_testona@expleogroup.com<\/a><\/p><\/li><li><p>Kunden-Login: <a href=\"\/?page_id=138628\" data-mce-href=\"https:\/\/testing.products.expleogroup.com\/testona\/testona-customer-area\/\">Hier<\/a><\/p><\/li><\/ul>\n\n\n\n<p><\/p>\n","protected":false},"excerpt":{"rendered":"<p>TESTONA &#8211; TEST DESIGN MIT DER KLASSIFIKATIONSBAUMMETHODE ANWENDUNGSBEREICH TESTONA ist DAS Werkzeug&nbsp;f\u00fcr systematisches Testdesign beim Black-Box-Test.&nbsp;Es werden alle g\u00e4ngigen spezifikationsbasierten Testmethoden unterst\u00fctzt und in Klassifikationsb\u00e4umen abgebildet, u.a. \u00c4quivalenzklassentest, Grenzwerttest, Partition-Test, kombinatorischer Test, Klassifikationsbaum-Methode und statistischer Test. Mit TESTONA lassen sich vollst\u00e4ndige, verst\u00e4ndliche Testspezifikationen einfach, schnell und redundanzfrei generieren. Verschiedene Metriken und Auswertungen unterst\u00fctzen die Beurteilung &hellip; <a href=\"https:\/\/products.expleogroup.com\/de\/testona\/\">Continued<\/a><\/p>\n","protected":false},"author":46,"featured_media":0,"parent":0,"menu_order":0,"comment_status":"closed","ping_status":"closed","template":"","meta":{"_acf_changed":false,"footnotes":""},"page_tag":[],"class_list":["post-142062","page","type-page","status-publish","hentry"],"acf":[],"yoast_head":"<!-- This site is optimized with the Yoast SEO plugin v23.3 - https:\/\/yoast.com\/wordpress\/plugins\/seo\/ -->\n<title>TESTONA<\/title>\n<meta name=\"description\" content=\"TESTONA - TEST DESIGN MIT DER KLASSIFIKATIONSBAUMMETHODE ANWENDUNGSBEREICH TESTONA ist DAS Werkzeug&nbsp;f\u00fcr systematisches Testdesign beim\" \/>\n<meta name=\"robots\" content=\"index, follow, max-snippet:-1, max-image-preview:large, max-video-preview:-1\" \/>\n<link rel=\"canonical\" href=\"https:\/\/products.expleogroup.com\/de\/testona\/\" \/>\n<meta property=\"og:locale\" content=\"de_DE\" \/>\n<meta property=\"og:type\" content=\"article\" \/>\n<meta property=\"og:title\" content=\"TESTONA\" \/>\n<meta property=\"og:description\" content=\"TESTONA - TEST DESIGN MIT DER KLASSIFIKATIONSBAUMMETHODE ANWENDUNGSBEREICH TESTONA ist DAS Werkzeug&nbsp;f\u00fcr systematisches Testdesign beim\" \/>\n<meta property=\"og:url\" content=\"https:\/\/products.expleogroup.com\/de\/testona\/\" \/>\n<meta property=\"og:site_name\" content=\"Expleo\" \/>\n<meta property=\"article:modified_time\" content=\"2022-07-22T11:23:42+00:00\" \/>\n<meta property=\"og:image\" content=\"https:\/\/products.expleogroup.com\/wp-content\/uploads\/2022\/05\/image.png\" \/>\n<meta name=\"twitter:card\" content=\"summary_large_image\" \/>\n<meta name=\"twitter:label1\" content=\"Gesch\u00e4tzte Lesezeit\" \/>\n\t<meta name=\"twitter:data1\" content=\"2\u00a0Minuten\" \/>\n<script type=\"application\/ld+json\" class=\"yoast-schema-graph\">{\"@context\":\"https:\/\/schema.org\",\"@graph\":[{\"@type\":\"WebPage\",\"@id\":\"https:\/\/products.expleogroup.com\/de\/testona\/\",\"url\":\"https:\/\/products.expleogroup.com\/de\/testona\/\",\"name\":\"TESTONA\",\"isPartOf\":{\"@id\":\"https:\/\/products.expleogroup.com\/#website\"},\"primaryImageOfPage\":{\"@id\":\"https:\/\/products.expleogroup.com\/de\/testona\/#primaryimage\"},\"image\":{\"@id\":\"https:\/\/products.expleogroup.com\/de\/testona\/#primaryimage\"},\"thumbnailUrl\":\"https:\/\/products.expleogroup.com\/wp-content\/uploads\/2022\/05\/image.png\",\"datePublished\":\"2021-11-11T14:02:25+00:00\",\"dateModified\":\"2022-07-22T11:23:42+00:00\",\"description\":\"TESTONA - TEST DESIGN MIT DER KLASSIFIKATIONSBAUMMETHODE ANWENDUNGSBEREICH TESTONA ist DAS Werkzeug&nbsp;f\u00fcr systematisches Testdesign beim\",\"breadcrumb\":{\"@id\":\"https:\/\/products.expleogroup.com\/de\/testona\/#breadcrumb\"},\"inLanguage\":\"de\",\"potentialAction\":[{\"@type\":\"ReadAction\",\"target\":[\"https:\/\/products.expleogroup.com\/de\/testona\/\"]}]},{\"@type\":\"ImageObject\",\"inLanguage\":\"de\",\"@id\":\"https:\/\/products.expleogroup.com\/de\/testona\/#primaryimage\",\"url\":\"https:\/\/products.expleogroup.com\/wp-content\/uploads\/2022\/05\/image.png\",\"contentUrl\":\"https:\/\/products.expleogroup.com\/wp-content\/uploads\/2022\/05\/image.png\"},{\"@type\":\"BreadcrumbList\",\"@id\":\"https:\/\/products.expleogroup.com\/de\/testona\/#breadcrumb\",\"itemListElement\":[{\"@type\":\"ListItem\",\"position\":1,\"name\":\"Home\",\"item\":\"https:\/\/products.expleogroup.com\/de\/\"},{\"@type\":\"ListItem\",\"position\":2,\"name\":\"TESTONA\"}]},{\"@type\":\"WebSite\",\"@id\":\"https:\/\/products.expleogroup.com\/#website\",\"url\":\"https:\/\/products.expleogroup.com\/\",\"name\":\"Expleo\",\"description\":\"\",\"potentialAction\":[{\"@type\":\"SearchAction\",\"target\":{\"@type\":\"EntryPoint\",\"urlTemplate\":\"https:\/\/products.expleogroup.com\/?s={search_term_string}\"},\"query-input\":\"required name=search_term_string\"}],\"inLanguage\":\"de\"}]}<\/script>\n<!-- \/ Yoast SEO plugin. -->","yoast_head_json":{"title":"TESTONA","description":"TESTONA - TEST DESIGN MIT DER KLASSIFIKATIONSBAUMMETHODE ANWENDUNGSBEREICH TESTONA ist DAS Werkzeug&nbsp;f\u00fcr systematisches Testdesign beim","robots":{"index":"index","follow":"follow","max-snippet":"max-snippet:-1","max-image-preview":"max-image-preview:large","max-video-preview":"max-video-preview:-1"},"canonical":"https:\/\/products.expleogroup.com\/de\/testona\/","og_locale":"de_DE","og_type":"article","og_title":"TESTONA","og_description":"TESTONA - TEST DESIGN MIT DER KLASSIFIKATIONSBAUMMETHODE ANWENDUNGSBEREICH TESTONA ist DAS Werkzeug&nbsp;f\u00fcr systematisches Testdesign beim","og_url":"https:\/\/products.expleogroup.com\/de\/testona\/","og_site_name":"Expleo","article_modified_time":"2022-07-22T11:23:42+00:00","og_image":[{"url":"https:\/\/products.expleogroup.com\/wp-content\/uploads\/2022\/05\/image.png"}],"twitter_card":"summary_large_image","twitter_misc":{"Gesch\u00e4tzte Lesezeit":"2\u00a0Minuten"},"schema":{"@context":"https:\/\/schema.org","@graph":[{"@type":"WebPage","@id":"https:\/\/products.expleogroup.com\/de\/testona\/","url":"https:\/\/products.expleogroup.com\/de\/testona\/","name":"TESTONA","isPartOf":{"@id":"https:\/\/products.expleogroup.com\/#website"},"primaryImageOfPage":{"@id":"https:\/\/products.expleogroup.com\/de\/testona\/#primaryimage"},"image":{"@id":"https:\/\/products.expleogroup.com\/de\/testona\/#primaryimage"},"thumbnailUrl":"https:\/\/products.expleogroup.com\/wp-content\/uploads\/2022\/05\/image.png","datePublished":"2021-11-11T14:02:25+00:00","dateModified":"2022-07-22T11:23:42+00:00","description":"TESTONA - TEST DESIGN MIT DER KLASSIFIKATIONSBAUMMETHODE ANWENDUNGSBEREICH TESTONA ist DAS Werkzeug&nbsp;f\u00fcr systematisches Testdesign beim","breadcrumb":{"@id":"https:\/\/products.expleogroup.com\/de\/testona\/#breadcrumb"},"inLanguage":"de","potentialAction":[{"@type":"ReadAction","target":["https:\/\/products.expleogroup.com\/de\/testona\/"]}]},{"@type":"ImageObject","inLanguage":"de","@id":"https:\/\/products.expleogroup.com\/de\/testona\/#primaryimage","url":"https:\/\/products.expleogroup.com\/wp-content\/uploads\/2022\/05\/image.png","contentUrl":"https:\/\/products.expleogroup.com\/wp-content\/uploads\/2022\/05\/image.png"},{"@type":"BreadcrumbList","@id":"https:\/\/products.expleogroup.com\/de\/testona\/#breadcrumb","itemListElement":[{"@type":"ListItem","position":1,"name":"Home","item":"https:\/\/products.expleogroup.com\/de\/"},{"@type":"ListItem","position":2,"name":"TESTONA"}]},{"@type":"WebSite","@id":"https:\/\/products.expleogroup.com\/#website","url":"https:\/\/products.expleogroup.com\/","name":"Expleo","description":"","potentialAction":[{"@type":"SearchAction","target":{"@type":"EntryPoint","urlTemplate":"https:\/\/products.expleogroup.com\/?s={search_term_string}"},"query-input":"required name=search_term_string"}],"inLanguage":"de"}]}},"_links":{"self":[{"href":"https:\/\/products.expleogroup.com\/de\/wp-json\/wp\/v2\/pages\/142062","targetHints":{"allow":["GET"]}}],"collection":[{"href":"https:\/\/products.expleogroup.com\/de\/wp-json\/wp\/v2\/pages"}],"about":[{"href":"https:\/\/products.expleogroup.com\/de\/wp-json\/wp\/v2\/types\/page"}],"author":[{"embeddable":true,"href":"https:\/\/products.expleogroup.com\/de\/wp-json\/wp\/v2\/users\/46"}],"replies":[{"embeddable":true,"href":"https:\/\/products.expleogroup.com\/de\/wp-json\/wp\/v2\/comments?post=142062"}],"version-history":[{"count":5,"href":"https:\/\/products.expleogroup.com\/de\/wp-json\/wp\/v2\/pages\/142062\/revisions"}],"predecessor-version":[{"id":143539,"href":"https:\/\/products.expleogroup.com\/de\/wp-json\/wp\/v2\/pages\/142062\/revisions\/143539"}],"wp:attachment":[{"href":"https:\/\/products.expleogroup.com\/de\/wp-json\/wp\/v2\/media?parent=142062"}],"wp:term":[{"taxonomy":"page_tag","embeddable":true,"href":"https:\/\/products.expleogroup.com\/de\/wp-json\/wp\/v2\/page_tag?post=142062"}],"curies":[{"name":"wp","href":"https:\/\/api.w.org\/{rel}","templated":true}]}}