{"id":142129,"date":"2021-11-12T12:20:52","date_gmt":"2021-11-12T12:20:52","guid":{"rendered":"https:\/\/products.expleogroup.com\/?page_id=142129"},"modified":"2026-01-21T13:24:01","modified_gmt":"2026-01-21T13:24:01","slug":"mbt-process","status":"publish","type":"page","link":"https:\/\/products.expleogroup.com\/de\/modica\/mbt-process\/","title":{"rendered":"MBT PROCESS"},"content":{"rendered":"\n<h4 class=\"wp-block-heading\">VOM MODELL ZUM TESTFALL<\/h4>\n\n\n\n<div class=\"wp-block-columns is-layout-flex wp-container-core-columns-is-layout-9d6595d7 wp-block-columns-is-layout-flex\">\n<div class=\"wp-block-column is-layout-flow wp-block-column-is-layout-flow\" style=\"flex-basis:66.66%\">\n<h4 class=\"wp-block-heading\">1. MODELLIERUNG<\/h4>\n\n\n\n<p>In MODICA kann das spezifizierte Verhalten des zu testenden Systems in einem Benutzungsmodell abgebildet werden. Mit einer intuitiven Modellierungspalette wird ein Zustandsdiagramm erstellt und textuelle Anforderungen k\u00f6nnen direkt aus einem Anforderungsmanagementtool wie IBM Rational DOORS \u00fcbernommen und an die entsprechenden Elemente verlinkt werden. Zudem ist es m\u00f6glich, weitere Elemente wie z.B. Berechnungen oder Beschreibungen dem Modell hinzuzuf\u00fcgen.<br><strong><a href=\"https:\/\/products.expleogroup.com\/modica\/modelling\/\">>>> <\/a><strong><a href=\"https:\/\/products.expleogroup.com\/de\/modica\/modellierung\/\">Modellieren mit MODICA<\/a><\/strong><\/strong><\/p>\n<\/div>\n\n\n\n<div class=\"wp-block-column is-layout-flow wp-block-column-is-layout-flow\" style=\"flex-basis:33.33%\">\n<figure class=\"wp-block-image size-large\"><a href=\"https:\/\/products.expleogroup.com\/wp-content\/uploads\/2021\/04\/csm_model_9c579b2063.jpg\"><img loading=\"lazy\" decoding=\"async\" width=\"610\" height=\"521\" src=\"https:\/\/products.expleogroup.com\/wp-content\/uploads\/2021\/04\/csm_model_9c579b2063.jpg\" alt=\"\" class=\"wp-image-138252\" srcset=\"https:\/\/products.expleogroup.com\/wp-content\/uploads\/2021\/04\/csm_model_9c579b2063.jpg 610w, https:\/\/products.expleogroup.com\/wp-content\/uploads\/2021\/04\/csm_model_9c579b2063-562x480.jpg 562w\" sizes=\"auto, (max-width: 610px) 100vw, 610px\" \/><\/a><\/figure>\n<\/div>\n<\/div>\n\n\n\n<div class=\"wp-block-columns is-layout-flex wp-container-core-columns-is-layout-9d6595d7 wp-block-columns-is-layout-flex\">\n<div class=\"wp-block-column is-layout-flow wp-block-column-is-layout-flow\" style=\"flex-basis:33.33%\">\n<figure class=\"wp-block-image aligncenter size-large\"><a href=\"https:\/\/products.expleogroup.com\/wp-content\/uploads\/2021\/04\/csm_Testspezifizierung_e5d476e97b.jpg\"><img loading=\"lazy\" decoding=\"async\" width=\"610\" height=\"286\" src=\"https:\/\/products.expleogroup.com\/wp-content\/uploads\/2021\/04\/csm_Testspezifizierung_e5d476e97b.jpg\" alt=\"\" class=\"wp-image-138254\"\/><\/a><\/figure>\n<\/div>\n\n\n\n<div class=\"wp-block-column is-layout-flow wp-block-column-is-layout-flow\" style=\"flex-basis:66.66%\">\n<h4 class=\"wp-block-heading\">2. DEFINITION DER TESTZIELE<\/h4>\n\n\n\n<p>Um Testziele zu definieren k\u00f6nnen verschiedene Generierungsstrategien festgelegt werden. Durch sie\u00a0wird Testinhalt und Testumfang beschrieben. Welche Ziele genau abgedeckt werden sollen, ist granular einstellbar. Beispielsweise soll eine Stategie s\u00e4mtliche Zust\u00e4nde mindestens einmal durchlaufen, eine Zweite alle Anforderungen abdecken und eine Dritte eine ganz bestimmte Abfolge von Zust\u00e4nden testen (siehe Sequenzregeln).<br><strong><a href=\"https:\/\/products.expleogroup.com\/de\/modica\/definition\/\">>>> <strong>Definition der Testziele<\/strong><\/a><\/strong><\/p>\n<\/div>\n<\/div>\n\n\n\n<div class=\"wp-block-columns is-layout-flex wp-container-core-columns-is-layout-9d6595d7 wp-block-columns-is-layout-flex\">\n<div class=\"wp-block-column is-layout-flow wp-block-column-is-layout-flow\" style=\"flex-basis:66.66%\">\n<h4 class=\"wp-block-heading\">3. GENERIERUNG DER TESTF\u00c4LLE<\/h4>\n\n\n\n<p>W\u00e4hrend der Testfallgenerierung wird f\u00fcr jede im vorherigen Schritt erstellte Strategie eine Testsuite erzeugt, in der s\u00e4mtliche Testf\u00e4lle enthalten sind. Zusammen betrachtet, erf\u00fcllen diese alle Ziele der Strategie. S\u00e4mtliche Schritte eines Testfalls sind nun einsehbar und k\u00f6nnen im weiteren Verlauf, beispielsweise in eine Testautomatisierungsumgebung, exportiert werden, wo sie direkt ablauff\u00e4hig sind.<br><strong><a href=\"https:\/\/products.expleogroup.com\/de\/modica\/generierung\/\">>>> <strong>Testfallgenerierung<\/strong><\/a><\/strong><\/p>\n<\/div>\n\n\n\n<div class=\"wp-block-column is-layout-flow wp-block-column-is-layout-flow\" style=\"flex-basis:33.33%\">\n<figure class=\"wp-block-image size-large\"><a href=\"https:\/\/products.expleogroup.com\/wp-content\/uploads\/2021\/04\/csm_Generierung_568c11166a.jpg\"><img loading=\"lazy\" decoding=\"async\" width=\"610\" height=\"406\" src=\"https:\/\/products.expleogroup.com\/wp-content\/uploads\/2021\/04\/csm_Generierung_568c11166a.jpg\" alt=\"\" class=\"wp-image-138256\"\/><\/a><\/figure>\n<\/div>\n<\/div>\n\n\n\n<div class=\"wp-block-columns is-layout-flex wp-container-core-columns-is-layout-9d6595d7 wp-block-columns-is-layout-flex\">\n<div class=\"wp-block-column is-layout-flow wp-block-column-is-layout-flow\" style=\"flex-basis:33.33%\">\n<figure class=\"wp-block-image size-large\"><a href=\"https:\/\/products.expleogroup.com\/wp-content\/uploads\/2021\/04\/csm_PDFExport_54a123a747.jpg\"><img loading=\"lazy\" decoding=\"async\" width=\"610\" height=\"719\" src=\"https:\/\/products.expleogroup.com\/wp-content\/uploads\/2021\/04\/csm_PDFExport_54a123a747.jpg\" alt=\"\" class=\"wp-image-138258\" srcset=\"https:\/\/products.expleogroup.com\/wp-content\/uploads\/2021\/04\/csm_PDFExport_54a123a747.jpg 610w, https:\/\/products.expleogroup.com\/wp-content\/uploads\/2021\/04\/csm_PDFExport_54a123a747-407x480.jpg 407w\" sizes=\"auto, (max-width: 610px) 100vw, 610px\" \/><\/a><\/figure>\n<\/div>\n\n\n\n<div class=\"wp-block-column is-layout-flow wp-block-column-is-layout-flow\" style=\"flex-basis:66.66%\">\n<h4 class=\"wp-block-heading\">4. EXPORT<\/h4>\n\n\n\n<p>Die Testf\u00e4lle k\u00f6nnen sowohl textuell, z.B. HTML, PDF, als auch in spezifische Testautomatisierungssysteme, z.B. EXAM,\u00a0MESSINA, exportiert werden. Beim textuellen Export k\u00f6nnen Elemente beliebig gefiltert werden. Der spezifische Export f\u00fchrt zu direkt ablauff\u00e4higen Testf\u00e4llen im Automatisierungstool. Auf Anfrage ist es m\u00f6glich, auch weitere Tools in den Export zu integrieren.<br><strong><a href=\"https:\/\/products.expleogroup.com\/de\/modica\/generierung\/\">>>> <strong>Export\u00a0und Testautomatisierung<\/strong><\/a><\/strong><\/p>\n<\/div>\n<\/div>\n","protected":false},"excerpt":{"rendered":"<p>VOM MODELL ZUM TESTFALL 1. MODELLIERUNG In MODICA kann das spezifizierte Verhalten des zu testenden Systems in einem Benutzungsmodell abgebildet werden. Mit einer intuitiven Modellierungspalette wird ein Zustandsdiagramm erstellt und textuelle Anforderungen k\u00f6nnen direkt aus einem Anforderungsmanagementtool wie IBM Rational DOORS \u00fcbernommen und an die entsprechenden Elemente verlinkt werden. Zudem ist es m\u00f6glich, weitere Elemente &hellip; <a href=\"https:\/\/products.expleogroup.com\/de\/modica\/mbt-process\/\">Continued<\/a><\/p>\n","protected":false},"author":46,"featured_media":0,"parent":142125,"menu_order":0,"comment_status":"closed","ping_status":"closed","template":"","meta":{"_acf_changed":false,"footnotes":""},"page_tag":[],"class_list":["post-142129","page","type-page","status-publish","hentry"],"acf":[],"yoast_head":"<!-- This site is optimized with the Yoast SEO plugin v23.3 - https:\/\/yoast.com\/wordpress\/plugins\/seo\/ -->\n<title>MBT PROCESS<\/title>\n<meta name=\"description\" content=\"VOM MODELL ZUM TESTFALL 1. MODELLIERUNG In MODICA kann das spezifizierte Verhalten des zu testenden Systems in einem Benutzungsmodell abgebildet werden.\" \/>\n<meta name=\"robots\" content=\"index, follow, max-snippet:-1, max-image-preview:large, max-video-preview:-1\" \/>\n<link rel=\"canonical\" href=\"https:\/\/products.expleogroup.com\/de\/modica\/mbt-process\/\" \/>\n<meta property=\"og:locale\" content=\"de_DE\" \/>\n<meta property=\"og:type\" content=\"article\" \/>\n<meta property=\"og:title\" content=\"MBT PROCESS\" \/>\n<meta property=\"og:description\" content=\"VOM MODELL ZUM TESTFALL 1. MODELLIERUNG In MODICA kann das spezifizierte Verhalten des zu testenden Systems in einem Benutzungsmodell abgebildet werden.\" \/>\n<meta property=\"og:url\" content=\"https:\/\/products.expleogroup.com\/de\/modica\/mbt-process\/\" \/>\n<meta property=\"og:site_name\" content=\"Expleo\" \/>\n<meta property=\"article:modified_time\" content=\"2026-01-21T13:24:01+00:00\" \/>\n<meta property=\"og:image\" content=\"https:\/\/products.expleogroup.com\/wp-content\/uploads\/2021\/04\/csm_model_9c579b2063.jpg\" \/>\n<meta name=\"twitter:card\" content=\"summary_large_image\" \/>\n<meta name=\"twitter:label1\" content=\"Gesch\u00e4tzte Lesezeit\" \/>\n\t<meta name=\"twitter:data1\" content=\"2\u00a0Minuten\" \/>\n<script type=\"application\/ld+json\" class=\"yoast-schema-graph\">{\"@context\":\"https:\/\/schema.org\",\"@graph\":[{\"@type\":\"WebPage\",\"@id\":\"https:\/\/products.expleogroup.com\/de\/modica\/mbt-process\/\",\"url\":\"https:\/\/products.expleogroup.com\/de\/modica\/mbt-process\/\",\"name\":\"MBT PROCESS\",\"isPartOf\":{\"@id\":\"https:\/\/products.expleogroup.com\/#website\"},\"primaryImageOfPage\":{\"@id\":\"https:\/\/products.expleogroup.com\/de\/modica\/mbt-process\/#primaryimage\"},\"image\":{\"@id\":\"https:\/\/products.expleogroup.com\/de\/modica\/mbt-process\/#primaryimage\"},\"thumbnailUrl\":\"https:\/\/products.expleogroup.com\/wp-content\/uploads\/2021\/04\/csm_model_9c579b2063.jpg\",\"datePublished\":\"2021-11-12T12:20:52+00:00\",\"dateModified\":\"2026-01-21T13:24:01+00:00\",\"description\":\"VOM MODELL ZUM TESTFALL 1. MODELLIERUNG In MODICA kann das spezifizierte Verhalten des zu testenden Systems in einem Benutzungsmodell abgebildet werden.\",\"breadcrumb\":{\"@id\":\"https:\/\/products.expleogroup.com\/de\/modica\/mbt-process\/#breadcrumb\"},\"inLanguage\":\"de\",\"potentialAction\":[{\"@type\":\"ReadAction\",\"target\":[\"https:\/\/products.expleogroup.com\/de\/modica\/mbt-process\/\"]}]},{\"@type\":\"ImageObject\",\"inLanguage\":\"de\",\"@id\":\"https:\/\/products.expleogroup.com\/de\/modica\/mbt-process\/#primaryimage\",\"url\":\"https:\/\/products.expleogroup.com\/wp-content\/uploads\/2021\/04\/csm_model_9c579b2063.jpg\",\"contentUrl\":\"https:\/\/products.expleogroup.com\/wp-content\/uploads\/2021\/04\/csm_model_9c579b2063.jpg\"},{\"@type\":\"BreadcrumbList\",\"@id\":\"https:\/\/products.expleogroup.com\/de\/modica\/mbt-process\/#breadcrumb\",\"itemListElement\":[{\"@type\":\"ListItem\",\"position\":1,\"name\":\"Home\",\"item\":\"https:\/\/products.expleogroup.com\/de\/\"},{\"@type\":\"ListItem\",\"position\":2,\"name\":\"MODICA &#8211; TOOL ZUM MODELLBASIERTEN TEST KOMPLEXER SYSTEME\",\"item\":\"https:\/\/products.expleogroup.com\/de\/modica\/\"},{\"@type\":\"ListItem\",\"position\":3,\"name\":\"MBT PROCESS\"}]},{\"@type\":\"WebSite\",\"@id\":\"https:\/\/products.expleogroup.com\/#website\",\"url\":\"https:\/\/products.expleogroup.com\/\",\"name\":\"Expleo\",\"description\":\"\",\"potentialAction\":[{\"@type\":\"SearchAction\",\"target\":{\"@type\":\"EntryPoint\",\"urlTemplate\":\"https:\/\/products.expleogroup.com\/?s={search_term_string}\"},\"query-input\":\"required name=search_term_string\"}],\"inLanguage\":\"de\"}]}<\/script>\n<!-- \/ Yoast SEO plugin. -->","yoast_head_json":{"title":"MBT PROCESS","description":"VOM MODELL ZUM TESTFALL 1. MODELLIERUNG In MODICA kann das spezifizierte Verhalten des zu testenden Systems in einem Benutzungsmodell abgebildet werden.","robots":{"index":"index","follow":"follow","max-snippet":"max-snippet:-1","max-image-preview":"max-image-preview:large","max-video-preview":"max-video-preview:-1"},"canonical":"https:\/\/products.expleogroup.com\/de\/modica\/mbt-process\/","og_locale":"de_DE","og_type":"article","og_title":"MBT PROCESS","og_description":"VOM MODELL ZUM TESTFALL 1. MODELLIERUNG In MODICA kann das spezifizierte Verhalten des zu testenden Systems in einem Benutzungsmodell abgebildet werden.","og_url":"https:\/\/products.expleogroup.com\/de\/modica\/mbt-process\/","og_site_name":"Expleo","article_modified_time":"2026-01-21T13:24:01+00:00","og_image":[{"url":"https:\/\/products.expleogroup.com\/wp-content\/uploads\/2021\/04\/csm_model_9c579b2063.jpg"}],"twitter_card":"summary_large_image","twitter_misc":{"Gesch\u00e4tzte Lesezeit":"2\u00a0Minuten"},"schema":{"@context":"https:\/\/schema.org","@graph":[{"@type":"WebPage","@id":"https:\/\/products.expleogroup.com\/de\/modica\/mbt-process\/","url":"https:\/\/products.expleogroup.com\/de\/modica\/mbt-process\/","name":"MBT PROCESS","isPartOf":{"@id":"https:\/\/products.expleogroup.com\/#website"},"primaryImageOfPage":{"@id":"https:\/\/products.expleogroup.com\/de\/modica\/mbt-process\/#primaryimage"},"image":{"@id":"https:\/\/products.expleogroup.com\/de\/modica\/mbt-process\/#primaryimage"},"thumbnailUrl":"https:\/\/products.expleogroup.com\/wp-content\/uploads\/2021\/04\/csm_model_9c579b2063.jpg","datePublished":"2021-11-12T12:20:52+00:00","dateModified":"2026-01-21T13:24:01+00:00","description":"VOM MODELL ZUM TESTFALL 1. MODELLIERUNG In MODICA kann das spezifizierte Verhalten des zu testenden Systems in einem Benutzungsmodell abgebildet werden.","breadcrumb":{"@id":"https:\/\/products.expleogroup.com\/de\/modica\/mbt-process\/#breadcrumb"},"inLanguage":"de","potentialAction":[{"@type":"ReadAction","target":["https:\/\/products.expleogroup.com\/de\/modica\/mbt-process\/"]}]},{"@type":"ImageObject","inLanguage":"de","@id":"https:\/\/products.expleogroup.com\/de\/modica\/mbt-process\/#primaryimage","url":"https:\/\/products.expleogroup.com\/wp-content\/uploads\/2021\/04\/csm_model_9c579b2063.jpg","contentUrl":"https:\/\/products.expleogroup.com\/wp-content\/uploads\/2021\/04\/csm_model_9c579b2063.jpg"},{"@type":"BreadcrumbList","@id":"https:\/\/products.expleogroup.com\/de\/modica\/mbt-process\/#breadcrumb","itemListElement":[{"@type":"ListItem","position":1,"name":"Home","item":"https:\/\/products.expleogroup.com\/de\/"},{"@type":"ListItem","position":2,"name":"MODICA &#8211; TOOL ZUM MODELLBASIERTEN TEST KOMPLEXER SYSTEME","item":"https:\/\/products.expleogroup.com\/de\/modica\/"},{"@type":"ListItem","position":3,"name":"MBT PROCESS"}]},{"@type":"WebSite","@id":"https:\/\/products.expleogroup.com\/#website","url":"https:\/\/products.expleogroup.com\/","name":"Expleo","description":"","potentialAction":[{"@type":"SearchAction","target":{"@type":"EntryPoint","urlTemplate":"https:\/\/products.expleogroup.com\/?s={search_term_string}"},"query-input":"required name=search_term_string"}],"inLanguage":"de"}]}},"_links":{"self":[{"href":"https:\/\/products.expleogroup.com\/de\/wp-json\/wp\/v2\/pages\/142129","targetHints":{"allow":["GET"]}}],"collection":[{"href":"https:\/\/products.expleogroup.com\/de\/wp-json\/wp\/v2\/pages"}],"about":[{"href":"https:\/\/products.expleogroup.com\/de\/wp-json\/wp\/v2\/types\/page"}],"author":[{"embeddable":true,"href":"https:\/\/products.expleogroup.com\/de\/wp-json\/wp\/v2\/users\/46"}],"replies":[{"embeddable":true,"href":"https:\/\/products.expleogroup.com\/de\/wp-json\/wp\/v2\/comments?post=142129"}],"version-history":[{"count":2,"href":"https:\/\/products.expleogroup.com\/de\/wp-json\/wp\/v2\/pages\/142129\/revisions"}],"predecessor-version":[{"id":145714,"href":"https:\/\/products.expleogroup.com\/de\/wp-json\/wp\/v2\/pages\/142129\/revisions\/145714"}],"up":[{"embeddable":true,"href":"https:\/\/products.expleogroup.com\/de\/wp-json\/wp\/v2\/pages\/142125"}],"wp:attachment":[{"href":"https:\/\/products.expleogroup.com\/de\/wp-json\/wp\/v2\/media?parent=142129"}],"wp:term":[{"taxonomy":"page_tag","embeddable":true,"href":"https:\/\/products.expleogroup.com\/de\/wp-json\/wp\/v2\/page_tag?post=142129"}],"curies":[{"name":"wp","href":"https:\/\/api.w.org\/{rel}","templated":true}]}}