{"id":142139,"date":"2021-11-12T12:27:14","date_gmt":"2021-11-12T12:27:14","guid":{"rendered":"https:\/\/products.expleogroup.com\/?page_id=142139"},"modified":"2021-11-12T12:27:15","modified_gmt":"2021-11-12T12:27:15","slug":"definition","status":"publish","type":"page","link":"https:\/\/products.expleogroup.com\/de\/modica\/definition\/","title":{"rendered":"DEFINITION"},"content":{"rendered":"\n<h4 class=\"wp-block-heading\">DEFINITION DER TESTZIELE MIT MODICA<\/h4>\n\n\n\n<p>Durch die\u00a0Definition der Testziele\u00a0wird der Umfang der generierten Testf\u00e4lle festgelegt. Dadurch wird erm\u00f6glicht, unterschiedliche Testsuiten zu erstellen, die den Anforderungen an die Testabdeckung entsprechen.<\/p>\n\n\n\n<h4 class=\"wp-block-heading\">STATES, TRANSITIONEN, TRANSITIONSPAARE<\/h4>\n\n\n\n<p>Als Abdeckungsziel k\u00f6nnen alle Strukturelemente (Zustandsknoten, Transitionen oder Transitionspaare) ausgew\u00e4hlt werden. Wie bei jedem Testziel, lassen sich individuell einzelne Elemente blockieren oder explizit als einziges Testziel setzen. Transitionspaare kombinieren jede Transition mit jeder m\u00f6glichen, unmittelbar folgenden Transition. Mit Hilfe von Transitionspaaren kann sichergestellt werden, dass s\u00e4mtliche Paare direkt aufeinanderfolgende Transitionsabl\u00e4ufe testen.<\/p>\n\n\n\n<div class=\"wp-block-columns is-layout-flex wp-container-core-columns-is-layout-9d6595d7 wp-block-columns-is-layout-flex\">\n<div class=\"wp-block-column is-layout-flow wp-block-column-is-layout-flow\" style=\"flex-basis:66.66%\">\n<h4 class=\"wp-block-heading\">REQUIREMENTS<\/h4>\n\n\n\n<p>S\u00e4mtliche im Model verlinkten Requirements k\u00f6nnen bei der Wahl der Generierungsstrategie als Testziel ausgew\u00e4hlt werden. Somit kann sichergestellt werden, dass eine Testsuite alle Anforderungen testet. Je nach Bedarf k\u00f6nnen einzelne Requirements bei der Generierung explizit ignoriert oder geblockt werden.<\/p>\n<\/div>\n\n\n\n<div class=\"wp-block-column is-layout-flow wp-block-column-is-layout-flow\" style=\"flex-basis:33.33%\">\n<div class=\"wp-block-image\"><figure class=\"aligncenter size-large\"><a href=\"\/wp-content\/uploads\/2021\/04\/csm_RequirementsTestTarget_fcf5a87c25.jpg\"><img loading=\"lazy\" decoding=\"async\" width=\"800\" height=\"266\" src=\"https:\/\/products.expleogroup.com\/wp-content\/uploads\/2021\/04\/csm_RequirementsTestTarget_fcf5a87c25.jpg\" alt=\"\" class=\"wp-image-142141\" srcset=\"https:\/\/products.expleogroup.com\/wp-content\/uploads\/2021\/04\/csm_RequirementsTestTarget_fcf5a87c25.jpg 800w, https:\/\/products.expleogroup.com\/wp-content\/uploads\/2021\/04\/csm_RequirementsTestTarget_fcf5a87c25-768x255.jpg 768w\" sizes=\"auto, (max-width: 800px) 100vw, 800px\" \/><\/a><\/figure><\/div>\n<\/div>\n<\/div>\n\n\n\n<div class=\"wp-block-columns is-layout-flex wp-container-core-columns-is-layout-9d6595d7 wp-block-columns-is-layout-flex\">\n<div class=\"wp-block-column is-layout-flow wp-block-column-is-layout-flow\" style=\"flex-basis:33.33%\">\n<figure class=\"wp-block-image size-large\"><a href=\"\/wp-content\/uploads\/2021\/04\/csm_SequenceRules_094457cf15.jpg\"><img loading=\"lazy\" decoding=\"async\" width=\"691\" height=\"600\" src=\"https:\/\/products.expleogroup.com\/wp-content\/uploads\/2021\/04\/csm_SequenceRules_094457cf15.jpg\" alt=\"\" class=\"wp-image-142142\" srcset=\"https:\/\/products.expleogroup.com\/wp-content\/uploads\/2021\/04\/csm_SequenceRules_094457cf15.jpg 691w, https:\/\/products.expleogroup.com\/wp-content\/uploads\/2021\/04\/csm_SequenceRules_094457cf15-553x480.jpg 553w\" sizes=\"auto, (max-width: 691px) 100vw, 691px\" \/><\/a><\/figure>\n<\/div>\n\n\n\n<div class=\"wp-block-column is-layout-flow wp-block-column-is-layout-flow\" style=\"flex-basis:66.66%\">\n<h4 class=\"wp-block-heading\">SEQUENZREGELN<\/h4>\n\n\n\n<p>Ein h\u00e4ufige, zun\u00e4chst sehr abstrakte Anforderung f\u00fcr das zu generierende Testset ist so zu w\u00e4hlen, dass es zwar eine gew\u00fcnschte Abdeckung erreicht, aber dennoch umsetzbar hinsichtlich Anzahl oder L\u00e4nge der Testf\u00e4lle bleibt. Dies stellt f\u00fcr die manuelle und automatische (bzw. modellbasierte) Testfallfindung eine echte Herausforderung dar. In vielen F\u00e4llen ist es daher angebracht, das Dom\u00e4nenwissen des Testers mit einzubeziehen und beispielsweise in einem eher generischen Modell spezielle, besonders interessante Teilabl\u00e4ufe zu provozieren. Ein solches Leiten des Generators ist in MODICA \u00fcber die Sequenzregeln m\u00f6glich. Gerade bei einer Kombination von modellbasierten Ans\u00e4tzen und Black-Box-Testing ist diese Funktion sinnvoll, du die Testtiefe gezielt zu erh\u00f6hen.<\/p>\n<\/div>\n<\/div>\n\n\n\n<div class=\"wp-block-columns is-layout-flex wp-container-core-columns-is-layout-9d6595d7 wp-block-columns-is-layout-flex\">\n<div class=\"wp-block-column is-layout-flow wp-block-column-is-layout-flow\" style=\"flex-basis:66.66%\">\n<h4 class=\"wp-block-heading\">VARIANTEN<\/h4>\n\n\n\n<p>Modelle, die sich nur in Details unterscheiden, werden in MODICA mit Hilfe von Varianten definiert. Das hei\u00dft, man erstellt nur ein Modell, welches\u00a0unterschiedliche Auspr\u00e4gungen haben kann. Bei der Festlegung der Generierungsstrategie kann nun f\u00fcr jede Variante eine eigene Strategie definiert werden. Somit k\u00f6nnen beispielsweise verschiedene Sequenzregeln mit unterschiedlichen Varianten kombiniert werden.<\/p>\n<\/div>\n\n\n\n<div class=\"wp-block-column is-layout-flow wp-block-column-is-layout-flow\" style=\"flex-basis:33.33%\">\n<figure class=\"wp-block-image size-large\"><img loading=\"lazy\" decoding=\"async\" width=\"800\" height=\"481\" src=\"https:\/\/products.expleogroup.com\/wp-content\/uploads\/2021\/04\/csm_VariantsTestTargets_3cbb6b966b.jpg\" alt=\"\" class=\"wp-image-142143\" srcset=\"https:\/\/products.expleogroup.com\/wp-content\/uploads\/2021\/04\/csm_VariantsTestTargets_3cbb6b966b.jpg 800w, https:\/\/products.expleogroup.com\/wp-content\/uploads\/2021\/04\/csm_VariantsTestTargets_3cbb6b966b-798x480.jpg 798w, https:\/\/products.expleogroup.com\/wp-content\/uploads\/2021\/04\/csm_VariantsTestTargets_3cbb6b966b-768x462.jpg 768w\" sizes=\"auto, (max-width: 800px) 100vw, 800px\" \/><\/figure>\n<\/div>\n<\/div>\n\n\n\n<div class=\"wp-block-columns is-layout-flex wp-container-core-columns-is-layout-9d6595d7 wp-block-columns-is-layout-flex\">\n<div class=\"wp-block-column is-layout-flow wp-block-column-is-layout-flow\" style=\"flex-basis:33.33%\">\n<figure class=\"wp-block-image size-large\"><a href=\"wp-content\/uploads\/2021\/04\/csm_DataVariation_2843ddd816.png\"><img loading=\"lazy\" decoding=\"async\" width=\"800\" height=\"598\" src=\"https:\/\/products.expleogroup.com\/wp-content\/uploads\/2021\/04\/csm_DataVariation_2843ddd816.png\" alt=\"\" class=\"wp-image-142144\" srcset=\"https:\/\/products.expleogroup.com\/wp-content\/uploads\/2021\/04\/csm_DataVariation_2843ddd816.png 800w, https:\/\/products.expleogroup.com\/wp-content\/uploads\/2021\/04\/csm_DataVariation_2843ddd816-642x480.png 642w, https:\/\/products.expleogroup.com\/wp-content\/uploads\/2021\/04\/csm_DataVariation_2843ddd816-768x574.png 768w\" sizes=\"auto, (max-width: 800px) 100vw, 800px\" \/><\/a><\/figure>\n<\/div>\n\n\n\n<div class=\"wp-block-column is-layout-flow wp-block-column-is-layout-flow\" style=\"flex-basis:66.66%\">\n<h4 class=\"wp-block-heading\">DATENVARIATIONEN<\/h4>\n\n\n\n<p>Beim Durchlaufen von Transitionen k\u00f6nnen Variablen mit Werten belegt werden. \u00dcber eine Datenavriation k\u00f6nnen verschiedene Werte f\u00fcr Variablen generiert werden, um z.B. einer Variablen, der eine Funktion \u00fcbergeben wird, unterschiedliche Werte zur Generierungszeit zuzuweisen. Als Testeigenschaft kann einer Variablen bei der Generierungsstratgie demnach ein bestimmter Wert, ebenso wie Kreuzkombinationen von verschiedenen Werten, zugewiesen werden.<\/p>\n<\/div>\n<\/div>\n\n\n\n<p><\/p>\n","protected":false},"excerpt":{"rendered":"<p>DEFINITION DER TESTZIELE MIT MODICA Durch die\u00a0Definition der Testziele\u00a0wird der Umfang der generierten Testf\u00e4lle festgelegt. Dadurch wird erm\u00f6glicht, unterschiedliche Testsuiten zu erstellen, die den Anforderungen an die Testabdeckung entsprechen. STATES, TRANSITIONEN, TRANSITIONSPAARE Als Abdeckungsziel k\u00f6nnen alle Strukturelemente (Zustandsknoten, Transitionen oder Transitionspaare) ausgew\u00e4hlt werden. Wie bei jedem Testziel, lassen sich individuell einzelne Elemente blockieren oder explizit &hellip; <a href=\"https:\/\/products.expleogroup.com\/de\/modica\/definition\/\">Continued<\/a><\/p>\n","protected":false},"author":46,"featured_media":0,"parent":142125,"menu_order":0,"comment_status":"closed","ping_status":"closed","template":"","meta":{"_acf_changed":false,"footnotes":""},"page_tag":[],"class_list":["post-142139","page","type-page","status-publish","hentry"],"acf":[],"yoast_head":"<!-- This site is optimized with the Yoast SEO plugin v23.3 - https:\/\/yoast.com\/wordpress\/plugins\/seo\/ -->\n<title>DEFINITION<\/title>\n<meta name=\"description\" content=\"DEFINITION DER TESTZIELE MIT MODICA Durch die\u00a0Definition der Testziele\u00a0wird der Umfang der generierten Testf\u00e4lle festgelegt. Dadurch wird erm\u00f6glicht,\" \/>\n<meta name=\"robots\" content=\"index, follow, max-snippet:-1, max-image-preview:large, max-video-preview:-1\" \/>\n<link rel=\"canonical\" href=\"https:\/\/products.expleogroup.com\/de\/modica\/definition\/\" \/>\n<meta property=\"og:locale\" content=\"de_DE\" \/>\n<meta property=\"og:type\" content=\"article\" \/>\n<meta property=\"og:title\" content=\"DEFINITION\" \/>\n<meta property=\"og:description\" content=\"DEFINITION DER TESTZIELE MIT MODICA Durch die\u00a0Definition der Testziele\u00a0wird der Umfang der generierten Testf\u00e4lle festgelegt. Dadurch wird erm\u00f6glicht,\" \/>\n<meta property=\"og:url\" content=\"https:\/\/products.expleogroup.com\/de\/modica\/definition\/\" \/>\n<meta property=\"og:site_name\" content=\"Expleo\" \/>\n<meta property=\"article:modified_time\" content=\"2021-11-12T12:27:15+00:00\" \/>\n<meta property=\"og:image\" content=\"https:\/\/products.expleogroup.com\/wp-content\/uploads\/2021\/04\/csm_RequirementsTestTarget_fcf5a87c25.jpg\" \/>\n<meta name=\"twitter:card\" content=\"summary_large_image\" \/>\n<meta name=\"twitter:label1\" content=\"Gesch\u00e4tzte Lesezeit\" \/>\n\t<meta name=\"twitter:data1\" content=\"3\u00a0Minuten\" \/>\n<script type=\"application\/ld+json\" class=\"yoast-schema-graph\">{\"@context\":\"https:\/\/schema.org\",\"@graph\":[{\"@type\":\"WebPage\",\"@id\":\"https:\/\/products.expleogroup.com\/de\/modica\/definition\/\",\"url\":\"https:\/\/products.expleogroup.com\/de\/modica\/definition\/\",\"name\":\"DEFINITION\",\"isPartOf\":{\"@id\":\"https:\/\/products.expleogroup.com\/#website\"},\"primaryImageOfPage\":{\"@id\":\"https:\/\/products.expleogroup.com\/de\/modica\/definition\/#primaryimage\"},\"image\":{\"@id\":\"https:\/\/products.expleogroup.com\/de\/modica\/definition\/#primaryimage\"},\"thumbnailUrl\":\"https:\/\/products.expleogroup.com\/wp-content\/uploads\/2021\/04\/csm_RequirementsTestTarget_fcf5a87c25.jpg\",\"datePublished\":\"2021-11-12T12:27:14+00:00\",\"dateModified\":\"2021-11-12T12:27:15+00:00\",\"description\":\"DEFINITION DER TESTZIELE MIT MODICA Durch die\u00a0Definition der Testziele\u00a0wird der Umfang der generierten Testf\u00e4lle festgelegt. Dadurch wird erm\u00f6glicht,\",\"breadcrumb\":{\"@id\":\"https:\/\/products.expleogroup.com\/de\/modica\/definition\/#breadcrumb\"},\"inLanguage\":\"de\",\"potentialAction\":[{\"@type\":\"ReadAction\",\"target\":[\"https:\/\/products.expleogroup.com\/de\/modica\/definition\/\"]}]},{\"@type\":\"ImageObject\",\"inLanguage\":\"de\",\"@id\":\"https:\/\/products.expleogroup.com\/de\/modica\/definition\/#primaryimage\",\"url\":\"https:\/\/products.expleogroup.com\/wp-content\/uploads\/2021\/04\/csm_RequirementsTestTarget_fcf5a87c25.jpg\",\"contentUrl\":\"https:\/\/products.expleogroup.com\/wp-content\/uploads\/2021\/04\/csm_RequirementsTestTarget_fcf5a87c25.jpg\"},{\"@type\":\"BreadcrumbList\",\"@id\":\"https:\/\/products.expleogroup.com\/de\/modica\/definition\/#breadcrumb\",\"itemListElement\":[{\"@type\":\"ListItem\",\"position\":1,\"name\":\"Home\",\"item\":\"https:\/\/products.expleogroup.com\/de\/\"},{\"@type\":\"ListItem\",\"position\":2,\"name\":\"MODICA &#8211; TOOL ZUM MODELLBASIERTEN TEST KOMPLEXER SYSTEME\",\"item\":\"https:\/\/products.expleogroup.com\/de\/modica\/\"},{\"@type\":\"ListItem\",\"position\":3,\"name\":\"DEFINITION\"}]},{\"@type\":\"WebSite\",\"@id\":\"https:\/\/products.expleogroup.com\/#website\",\"url\":\"https:\/\/products.expleogroup.com\/\",\"name\":\"Expleo\",\"description\":\"\",\"potentialAction\":[{\"@type\":\"SearchAction\",\"target\":{\"@type\":\"EntryPoint\",\"urlTemplate\":\"https:\/\/products.expleogroup.com\/?s={search_term_string}\"},\"query-input\":\"required name=search_term_string\"}],\"inLanguage\":\"de\"}]}<\/script>\n<!-- \/ Yoast SEO plugin. -->","yoast_head_json":{"title":"DEFINITION","description":"DEFINITION DER TESTZIELE MIT MODICA Durch die\u00a0Definition der Testziele\u00a0wird der Umfang der generierten Testf\u00e4lle festgelegt. Dadurch wird erm\u00f6glicht,","robots":{"index":"index","follow":"follow","max-snippet":"max-snippet:-1","max-image-preview":"max-image-preview:large","max-video-preview":"max-video-preview:-1"},"canonical":"https:\/\/products.expleogroup.com\/de\/modica\/definition\/","og_locale":"de_DE","og_type":"article","og_title":"DEFINITION","og_description":"DEFINITION DER TESTZIELE MIT MODICA Durch die\u00a0Definition der Testziele\u00a0wird der Umfang der generierten Testf\u00e4lle festgelegt. Dadurch wird erm\u00f6glicht,","og_url":"https:\/\/products.expleogroup.com\/de\/modica\/definition\/","og_site_name":"Expleo","article_modified_time":"2021-11-12T12:27:15+00:00","og_image":[{"url":"https:\/\/products.expleogroup.com\/wp-content\/uploads\/2021\/04\/csm_RequirementsTestTarget_fcf5a87c25.jpg"}],"twitter_card":"summary_large_image","twitter_misc":{"Gesch\u00e4tzte Lesezeit":"3\u00a0Minuten"},"schema":{"@context":"https:\/\/schema.org","@graph":[{"@type":"WebPage","@id":"https:\/\/products.expleogroup.com\/de\/modica\/definition\/","url":"https:\/\/products.expleogroup.com\/de\/modica\/definition\/","name":"DEFINITION","isPartOf":{"@id":"https:\/\/products.expleogroup.com\/#website"},"primaryImageOfPage":{"@id":"https:\/\/products.expleogroup.com\/de\/modica\/definition\/#primaryimage"},"image":{"@id":"https:\/\/products.expleogroup.com\/de\/modica\/definition\/#primaryimage"},"thumbnailUrl":"https:\/\/products.expleogroup.com\/wp-content\/uploads\/2021\/04\/csm_RequirementsTestTarget_fcf5a87c25.jpg","datePublished":"2021-11-12T12:27:14+00:00","dateModified":"2021-11-12T12:27:15+00:00","description":"DEFINITION DER TESTZIELE MIT MODICA Durch die\u00a0Definition der Testziele\u00a0wird der Umfang der generierten Testf\u00e4lle festgelegt. Dadurch wird erm\u00f6glicht,","breadcrumb":{"@id":"https:\/\/products.expleogroup.com\/de\/modica\/definition\/#breadcrumb"},"inLanguage":"de","potentialAction":[{"@type":"ReadAction","target":["https:\/\/products.expleogroup.com\/de\/modica\/definition\/"]}]},{"@type":"ImageObject","inLanguage":"de","@id":"https:\/\/products.expleogroup.com\/de\/modica\/definition\/#primaryimage","url":"https:\/\/products.expleogroup.com\/wp-content\/uploads\/2021\/04\/csm_RequirementsTestTarget_fcf5a87c25.jpg","contentUrl":"https:\/\/products.expleogroup.com\/wp-content\/uploads\/2021\/04\/csm_RequirementsTestTarget_fcf5a87c25.jpg"},{"@type":"BreadcrumbList","@id":"https:\/\/products.expleogroup.com\/de\/modica\/definition\/#breadcrumb","itemListElement":[{"@type":"ListItem","position":1,"name":"Home","item":"https:\/\/products.expleogroup.com\/de\/"},{"@type":"ListItem","position":2,"name":"MODICA &#8211; TOOL ZUM MODELLBASIERTEN TEST KOMPLEXER SYSTEME","item":"https:\/\/products.expleogroup.com\/de\/modica\/"},{"@type":"ListItem","position":3,"name":"DEFINITION"}]},{"@type":"WebSite","@id":"https:\/\/products.expleogroup.com\/#website","url":"https:\/\/products.expleogroup.com\/","name":"Expleo","description":"","potentialAction":[{"@type":"SearchAction","target":{"@type":"EntryPoint","urlTemplate":"https:\/\/products.expleogroup.com\/?s={search_term_string}"},"query-input":"required name=search_term_string"}],"inLanguage":"de"}]}},"_links":{"self":[{"href":"https:\/\/products.expleogroup.com\/de\/wp-json\/wp\/v2\/pages\/142139","targetHints":{"allow":["GET"]}}],"collection":[{"href":"https:\/\/products.expleogroup.com\/de\/wp-json\/wp\/v2\/pages"}],"about":[{"href":"https:\/\/products.expleogroup.com\/de\/wp-json\/wp\/v2\/types\/page"}],"author":[{"embeddable":true,"href":"https:\/\/products.expleogroup.com\/de\/wp-json\/wp\/v2\/users\/46"}],"replies":[{"embeddable":true,"href":"https:\/\/products.expleogroup.com\/de\/wp-json\/wp\/v2\/comments?post=142139"}],"version-history":[{"count":1,"href":"https:\/\/products.expleogroup.com\/de\/wp-json\/wp\/v2\/pages\/142139\/revisions"}],"predecessor-version":[{"id":142140,"href":"https:\/\/products.expleogroup.com\/de\/wp-json\/wp\/v2\/pages\/142139\/revisions\/142140"}],"up":[{"embeddable":true,"href":"https:\/\/products.expleogroup.com\/de\/wp-json\/wp\/v2\/pages\/142125"}],"wp:attachment":[{"href":"https:\/\/products.expleogroup.com\/de\/wp-json\/wp\/v2\/media?parent=142139"}],"wp:term":[{"taxonomy":"page_tag","embeddable":true,"href":"https:\/\/products.expleogroup.com\/de\/wp-json\/wp\/v2\/page_tag?post=142139"}],"curies":[{"name":"wp","href":"https:\/\/api.w.org\/{rel}","templated":true}]}}